{"id":8642,"date":"2023-10-16T16:02:29","date_gmt":"2023-10-16T16:02:29","guid":{"rendered":"https:\/\/lsconsultingbg.com\/kisisel-verilerin-ve-gizliligin-korunmasi\/"},"modified":"2023-10-16T16:02:29","modified_gmt":"2023-10-16T16:02:29","slug":"kisisel-verilerin-ve-gizliligin-korunmasi","status":"publish","type":"page","link":"https:\/\/lsconsultingbg.com\/tr\/kisisel-verilerin-ve-gizliligin-korunmasi\/","title":{"rendered":"Ki\u015fisel verilerin ve gizlili\u011fin korunmas\u0131"},"content":{"rendered":"","protected":false},"excerpt":{"rendered":"","protected":false},"author":3,"featured_media":0,"parent":0,"menu_order":0,"comment_status":"closed","ping_status":"closed","template":"","meta":{"footnotes":""},"class_list":["post-8642","page","type-page","status-publish","hentry"],"yoast_head":"<!-- This site is optimized with the Yoast SEO plugin v25.1 - https:\/\/yoast.com\/wordpress\/plugins\/seo\/ -->\n<title>Ki\u015fisel verilerin ve gizlili\u011fin korunmas\u0131 &#8212; Hukuk kalkan\u0131<\/title>\n<meta name=\"robots\" content=\"index, follow, max-snippet:-1, max-image-preview:large, max-video-preview:-1\" \/>\n<link rel=\"canonical\" href=\"http:\/\/lsconsultingbg.com\/tr\/kisisel-verilerin-ve-gizliligin-korunmasi\/\" \/>\n<meta property=\"og:locale\" content=\"tr_TR\" \/>\n<meta property=\"og:type\" content=\"article\" \/>\n<meta property=\"og:title\" content=\"Ki\u015fisel verilerin ve gizlili\u011fin korunmas\u0131 &#8212; Hukuk kalkan\u0131\" \/>\n<meta property=\"og:url\" content=\"http:\/\/lsconsultingbg.com\/tr\/kisisel-verilerin-ve-gizliligin-korunmasi\/\" \/>\n<meta property=\"og:site_name\" content=\"Hukuk kalkan\u0131\" \/>\n<meta name=\"twitter:card\" content=\"summary_large_image\" \/>\n<script type=\"application\/ld+json\" class=\"yoast-schema-graph\">{\"@context\":\"https:\/\/schema.org\",\"@graph\":[{\"@type\":\"WebPage\",\"@id\":\"http:\/\/lsconsultingbg.com\/tr\/kisisel-verilerin-ve-gizliligin-korunmasi\/\",\"url\":\"http:\/\/lsconsultingbg.com\/tr\/kisisel-verilerin-ve-gizliligin-korunmasi\/\",\"name\":\"Ki\u015fisel verilerin ve gizlili\u011fin korunmas\u0131 &#8212; Hukuk kalkan\u0131\",\"isPartOf\":{\"@id\":\"https:\/\/lsconsultingbg.com\/#website\"},\"datePublished\":\"2023-10-16T16:02:29+00:00\",\"breadcrumb\":{\"@id\":\"http:\/\/lsconsultingbg.com\/tr\/kisisel-verilerin-ve-gizliligin-korunmasi\/#breadcrumb\"},\"inLanguage\":\"tr\",\"potentialAction\":[{\"@type\":\"ReadAction\",\"target\":[\"http:\/\/lsconsultingbg.com\/tr\/kisisel-verilerin-ve-gizliligin-korunmasi\/\"]}]},{\"@type\":\"BreadcrumbList\",\"@id\":\"http:\/\/lsconsultingbg.com\/tr\/kisisel-verilerin-ve-gizliligin-korunmasi\/#breadcrumb\",\"itemListElement\":[{\"@type\":\"ListItem\",\"position\":1,\"name\":\"\u041d\u0430\u0447\u0430\u043b\u043e\",\"item\":\"https:\/\/lsconsultingbg.com\/tr\/\"},{\"@type\":\"ListItem\",\"position\":2,\"name\":\"Ki\u015fisel verilerin ve gizlili\u011fin korunmas\u0131\"}]},{\"@type\":\"WebSite\",\"@id\":\"https:\/\/lsconsultingbg.com\/#website\",\"url\":\"https:\/\/lsconsultingbg.com\/\",\"name\":\"Hukuk kalkan\u0131\",\"description\":\"\",\"publisher\":{\"@id\":\"https:\/\/lsconsultingbg.com\/#organization\"},\"potentialAction\":[{\"@type\":\"SearchAction\",\"target\":{\"@type\":\"EntryPoint\",\"urlTemplate\":\"https:\/\/lsconsultingbg.com\/?s={search_term_string}\"},\"query-input\":{\"@type\":\"PropertyValueSpecification\",\"valueRequired\":true,\"valueName\":\"search_term_string\"}}],\"inLanguage\":\"tr\"},{\"@type\":\"Organization\",\"@id\":\"https:\/\/lsconsultingbg.com\/#organization\",\"name\":\"Hukuk kalkan\u0131\",\"url\":\"https:\/\/lsconsultingbg.com\/\",\"logo\":{\"@type\":\"ImageObject\",\"inLanguage\":\"tr\",\"@id\":\"https:\/\/lsconsultingbg.com\/#\/schema\/logo\/image\/\",\"url\":\"https:\/\/lsconsultingbg.com\/wp-content\/uploads\/2023\/10\/lsconsulting-final-logo.png\",\"contentUrl\":\"https:\/\/lsconsultingbg.com\/wp-content\/uploads\/2023\/10\/lsconsulting-final-logo.png\",\"width\":120,\"height\":90,\"caption\":\"Hukuk kalkan\u0131\"},\"image\":{\"@id\":\"https:\/\/lsconsultingbg.com\/#\/schema\/logo\/image\/\"}}]}<\/script>\n<!-- \/ Yoast SEO plugin. -->","yoast_head_json":{"title":"Ki\u015fisel verilerin ve gizlili\u011fin korunmas\u0131 &#8212; Hukuk kalkan\u0131","robots":{"index":"index","follow":"follow","max-snippet":"max-snippet:-1","max-image-preview":"max-image-preview:large","max-video-preview":"max-video-preview:-1"},"canonical":"http:\/\/lsconsultingbg.com\/tr\/kisisel-verilerin-ve-gizliligin-korunmasi\/","og_locale":"tr_TR","og_type":"article","og_title":"Ki\u015fisel verilerin ve gizlili\u011fin korunmas\u0131 &#8212; Hukuk kalkan\u0131","og_url":"http:\/\/lsconsultingbg.com\/tr\/kisisel-verilerin-ve-gizliligin-korunmasi\/","og_site_name":"Hukuk kalkan\u0131","twitter_card":"summary_large_image","schema":{"@context":"https:\/\/schema.org","@graph":[{"@type":"WebPage","@id":"http:\/\/lsconsultingbg.com\/tr\/kisisel-verilerin-ve-gizliligin-korunmasi\/","url":"http:\/\/lsconsultingbg.com\/tr\/kisisel-verilerin-ve-gizliligin-korunmasi\/","name":"Ki\u015fisel verilerin ve gizlili\u011fin korunmas\u0131 &#8212; Hukuk kalkan\u0131","isPartOf":{"@id":"https:\/\/lsconsultingbg.com\/#website"},"datePublished":"2023-10-16T16:02:29+00:00","breadcrumb":{"@id":"http:\/\/lsconsultingbg.com\/tr\/kisisel-verilerin-ve-gizliligin-korunmasi\/#breadcrumb"},"inLanguage":"tr","potentialAction":[{"@type":"ReadAction","target":["http:\/\/lsconsultingbg.com\/tr\/kisisel-verilerin-ve-gizliligin-korunmasi\/"]}]},{"@type":"BreadcrumbList","@id":"http:\/\/lsconsultingbg.com\/tr\/kisisel-verilerin-ve-gizliligin-korunmasi\/#breadcrumb","itemListElement":[{"@type":"ListItem","position":1,"name":"\u041d\u0430\u0447\u0430\u043b\u043e","item":"https:\/\/lsconsultingbg.com\/tr\/"},{"@type":"ListItem","position":2,"name":"Ki\u015fisel verilerin ve gizlili\u011fin korunmas\u0131"}]},{"@type":"WebSite","@id":"https:\/\/lsconsultingbg.com\/#website","url":"https:\/\/lsconsultingbg.com\/","name":"Hukuk kalkan\u0131","description":"","publisher":{"@id":"https:\/\/lsconsultingbg.com\/#organization"},"potentialAction":[{"@type":"SearchAction","target":{"@type":"EntryPoint","urlTemplate":"https:\/\/lsconsultingbg.com\/?s={search_term_string}"},"query-input":{"@type":"PropertyValueSpecification","valueRequired":true,"valueName":"search_term_string"}}],"inLanguage":"tr"},{"@type":"Organization","@id":"https:\/\/lsconsultingbg.com\/#organization","name":"Hukuk kalkan\u0131","url":"https:\/\/lsconsultingbg.com\/","logo":{"@type":"ImageObject","inLanguage":"tr","@id":"https:\/\/lsconsultingbg.com\/#\/schema\/logo\/image\/","url":"https:\/\/lsconsultingbg.com\/wp-content\/uploads\/2023\/10\/lsconsulting-final-logo.png","contentUrl":"https:\/\/lsconsultingbg.com\/wp-content\/uploads\/2023\/10\/lsconsulting-final-logo.png","width":120,"height":90,"caption":"Hukuk kalkan\u0131"},"image":{"@id":"https:\/\/lsconsultingbg.com\/#\/schema\/logo\/image\/"}}]}},"_links":{"self":[{"href":"https:\/\/lsconsultingbg.com\/tr\/wp-json\/wp\/v2\/pages\/8642","targetHints":{"allow":["GET"]}}],"collection":[{"href":"https:\/\/lsconsultingbg.com\/tr\/wp-json\/wp\/v2\/pages"}],"about":[{"href":"https:\/\/lsconsultingbg.com\/tr\/wp-json\/wp\/v2\/types\/page"}],"author":[{"embeddable":true,"href":"https:\/\/lsconsultingbg.com\/tr\/wp-json\/wp\/v2\/users\/3"}],"replies":[{"embeddable":true,"href":"https:\/\/lsconsultingbg.com\/tr\/wp-json\/wp\/v2\/comments?post=8642"}],"version-history":[{"count":0,"href":"https:\/\/lsconsultingbg.com\/tr\/wp-json\/wp\/v2\/pages\/8642\/revisions"}],"wp:attachment":[{"href":"https:\/\/lsconsultingbg.com\/tr\/wp-json\/wp\/v2\/media?parent=8642"}],"curies":[{"name":"wp","href":"https:\/\/api.w.org\/{rel}","templated":true}]}}